{"id":247414,"date":"2025-01-10T16:06:01","date_gmt":"2025-01-10T15:06:01","guid":{"rendered":"https:\/\/www.adesso-bc.com\/impresszum\/"},"modified":"2026-01-07T14:24:10","modified_gmt":"2026-01-07T13:24:10","slug":"impresszum","status":"publish","type":"page","link":"https:\/\/www.adesso-bc.com\/hu\/impresszum\/","title":{"rendered":"Impresszum"},"content":{"rendered":"<p>[et_pb_section fb_built=&#8221;1&#8243; custom_padding_last_edited=&#8221;on|phone&#8221; disabled_on=&#8221;off|off|off&#8221; _builder_version=&#8221;4.27.4&#8243; _module_preset=&#8221;default&#8221; custom_margin=&#8221;0px||0px||true|false&#8221; custom_padding=&#8221;200px|48px|496px|48px|false|true&#8221; custom_padding_tablet=&#8221;160px|24px|400px|24px|false|true&#8221; custom_padding_phone=&#8221;120px|16px|400px|16px|false|false&#8221; locked=&#8221;off&#8221; global_colors_info=&#8221;{}&#8221;][et_pb_row use_custom_gutter=&#8221;on&#8221; gutter_width=&#8221;1&#8243; make_equal=&#8221;on&#8221; custom_padding_last_edited=&#8221;on|phone&#8221; admin_label=&#8221;heading row&#8221; _builder_version=&#8221;4.27.4&#8243; _module_preset=&#8221;default&#8221; width=&#8221;100%&#8221; max_width=&#8221;1608px&#8221; custom_padding=&#8221;|48px|0px|48px|false|true&#8221; custom_padding_tablet=&#8221;|24px||24px|false|true&#8221; custom_padding_phone=&#8221;|16px||16px|false|true&#8221; global_colors_info=&#8221;{}&#8221;][et_pb_column type=&#8221;4_4&#8243; module_class=&#8221;headingcol&#8221; _builder_version=&#8221;4.27.4&#8243; _module_preset=&#8221;default&#8221; background_color=&#8221;RGBA(255,255,255,0)&#8221; pac_dcm_carousel_specific_module_num=&#8221;0&#8243; global_colors_info=&#8221;{}&#8221;][et_pb_heading title=&#8221;Impresszum&#8221; module_class=&#8221;sectionheading&#8221; _builder_version=&#8221;4.27.4&#8243; _module_preset=&#8221;default&#8221; title_text_color=&#8221;gcid-heading-color&#8221; custom_padding=&#8221;0px||0px||true|false&#8221; global_colors_info=&#8221;{%22gcid-heading-color%22:%91%22title_text_color%22%93}&#8221;][\/et_pb_heading][\/et_pb_column][\/et_pb_row][et_pb_row column_structure=&#8221;1_4,3_4&#8243; use_custom_gutter=&#8221;on&#8221; gutter_width=&#8221;1&#8243; custom_padding_last_edited=&#8221;on|phone&#8221; admin_label=&#8221;content row&#8221; _builder_version=&#8221;4.27.4&#8243; _module_preset=&#8221;default&#8221; width=&#8221;100%&#8221; max_width=&#8221;1608px&#8221; module_alignment=&#8221;center&#8221; custom_padding=&#8221;|48px|||false|false&#8221; custom_padding_tablet=&#8221;|24px|||false|false&#8221; custom_padding_phone=&#8221;|16px|||false|false&#8221; global_colors_info=&#8221;{}&#8221;][et_pb_column type=&#8221;1_4&#8243; module_class=&#8221;leftspacecol&#8221; _builder_version=&#8221;4.27.4&#8243; _module_preset=&#8221;default&#8221; pac_dcm_carousel_specific_module_num=&#8221;0&#8243; global_colors_info=&#8221;{}&#8221;][et_pb_divider show_divider=&#8221;off&#8221; _builder_version=&#8221;4.27.4&#8243; _module_preset=&#8221;default&#8221; background_color=&#8221;RGBA(255,255,255,0)&#8221; height=&#8221;64px&#8221; height_tablet=&#8221;46px&#8221; height_phone=&#8221;32px&#8221; height_last_edited=&#8221;on|phone&#8221; custom_margin=&#8221;-46px|48px|||false|false&#8221; custom_margin_tablet=&#8221;-48px|24px|||false|false&#8221; custom_margin_phone=&#8221;-46px|8px|||false|false&#8221; custom_margin_last_edited=&#8221;on|phone&#8221; border_radii=&#8221;off||||12px&#8221; border_color_all=&#8221;gcid-primary-color&#8221; border_width_bottom=&#8221;1px&#8221; border_width_left=&#8221;1px&#8221; border_radii_tablet=&#8221;off||||10px&#8221; border_radii_phone=&#8221;off||||8px&#8221; border_radii_last_edited=&#8221;on|phone&#8221; global_colors_info=&#8221;{%22gcid-primary-color%22:%91%22border_color_all%22%93}&#8221;][\/et_pb_divider][\/et_pb_column][et_pb_column type=&#8221;3_4&#8243; module_class=&#8221;maincol&#8221; _builder_version=&#8221;4.27.4&#8243; _module_preset=&#8221;default&#8221; pac_dcm_carousel_specific_module_num=&#8221;0&#8243; global_colors_info=&#8221;{}&#8221;][et_pb_text module_class=&#8221;legaltext&#8221; _builder_version=&#8221;4.27.4&#8243; _module_preset=&#8221;default&#8221; custom_margin=&#8221;8px||||false|false&#8221; custom_margin_tablet=&#8221;6px||||false|false&#8221; custom_margin_phone=&#8221;0px||||false|false&#8221; custom_margin_last_edited=&#8221;on|desktop&#8221; hover_enabled=&#8221;0&#8243; locked=&#8221;off&#8221; global_colors_info=&#8221;{}&#8221; sticky_enabled=&#8221;0&#8243;]<\/p>\n<p><strong>Az AG bejegyzett sz\u00e9khelye<\/strong><\/p>\n<p><strong>adesso business consulting AG<\/strong><br \/>Robert-Henseling-Stra\u00dfe 11<br \/>31789 Hameln<\/p>\n<p><strong>Vezet\u0151s\u00e9g<\/strong><br \/>Frank Beck<br \/>Jens Brakhage<br \/>Olaf Reiter<br \/>Stephan Thies<\/p>\n<p><strong>A fel\u00fcgyel\u0151bizotts\u00e1g eln\u00f6ke:<\/strong><br \/>Tobias Truhn<\/p>\n<p>C\u00e9gjegyz\u00e9ksz\u00e1m: HRB 213652<br \/>Ad\u00f3sz\u00e1m: 22\/200\/77114<br \/>\u00c1FA-azonos\u00edt\u00f3 sz\u00e1m: DE305482608<\/p>\n<p><strong>Jogok<\/strong><br \/>Minden jog fenntartva. B\u00e1rmilyen form\u00e1j\u00fa m\u00e1sol\u00e1s csak az adesso business consulting AG \u00edr\u00e1sos enged\u00e9ly\u00e9vel lehets\u00e9ges. <\/p>\n<p><strong>Koncepci\u00f3, design \u00e9s megval\u00f3s\u00edt\u00e1s<\/strong><br \/>Oktober Kommunikationsdesign GmbH<br \/>Willy-Brandt-Platz 5-7<br \/>44787 Bochum<br \/>N\u00e9metorsz\u00e1g<br \/><a href=\"https:\/\/www.oktober.de\" target=\"_blank\" rel=\"noopener\">www.oktober.de<\/a><\/p>\n<p><strong>Felel\u0151ss\u00e9gkiz\u00e1r\u00e1s<\/strong><br \/>A tartalom gondos ellen\u0151rz\u00e9se ellen\u00e9re sem v\u00e1llalunk felel\u0151ss\u00e9get a k\u00fcls\u0151 hivatkoz\u00e1sok tartalm\u00e1\u00e9rt. A hivatkozott oldalak tartalm\u00e1\u00e9rt kiz\u00e1r\u00f3lag azok \u00fczemeltet\u0151i felelnek. <\/p>\n<p><a href=\"tel:+4923170002000\" target=\"_blank\" rel=\"noopener\">T +49 231 7000 2000<\/a><\/p>\n<p><a href=\"mailto:info@adesso-bc.com\" target=\"_blank\" rel=\"noopener\">info@adesso-bc.com<\/a><br \/><a href=\"https:\/\/www.adesso-bc.com\/hu\/\" target=\"_blank\" rel=\"noopener\">www.adesso-bc.com<\/a><\/p>\n<p>[\/et_pb_text][\/et_pb_column][\/et_pb_row][\/et_pb_section]<\/p>\n","protected":false},"excerpt":{"rendered":"<p>Az AG bejegyzett sz\u00e9khelye adesso business consulting AGRobert-Henseling-Stra\u00dfe 1131789 Hameln Vezet\u0151s\u00e9gFrank BeckJens BrakhageOlaf ReiterStephan Thies A fel\u00fcgyel\u0151bizotts\u00e1g eln\u00f6ke:Tobias Truhn C\u00e9gjegyz\u00e9ksz\u00e1m: HRB 213652Ad\u00f3sz\u00e1m: 22\/200\/77114\u00c1FA-azonos\u00edt\u00f3 sz\u00e1m: DE305482608 JogokMinden jog fenntartva. B\u00e1rmilyen form\u00e1j\u00fa m\u00e1sol\u00e1s csak az adesso business consulting AG \u00edr\u00e1sos enged\u00e9ly\u00e9vel lehets\u00e9ges. Koncepci\u00f3, design \u00e9s megval\u00f3s\u00edt\u00e1sOktober Kommunikationsdesign GmbHWilly-Brandt-Platz 5-744787 BochumN\u00e9metorsz\u00e1gwww.oktober.de Felel\u0151ss\u00e9gkiz\u00e1r\u00e1sA tartalom gondos ellen\u0151rz\u00e9se ellen\u00e9re sem v\u00e1llalunk [&hellip;]<\/p>\n","protected":false},"author":1,"featured_media":0,"parent":0,"menu_order":0,"comment_status":"closed","ping_status":"closed","template":"","meta":{"_acf_changed":false,"_et_pb_use_builder":"on","_et_pb_old_content":"","_et_gb_content_width":"","footnotes":""},"class_list":["post-247414","page","type-page","status-publish","hentry"],"acf":[],"_links":{"self":[{"href":"https:\/\/www.adesso-bc.com\/hu\/wp-json\/wp\/v2\/pages\/247414","targetHints":{"allow":["GET"]}}],"collection":[{"href":"https:\/\/www.adesso-bc.com\/hu\/wp-json\/wp\/v2\/pages"}],"about":[{"href":"https:\/\/www.adesso-bc.com\/hu\/wp-json\/wp\/v2\/types\/page"}],"author":[{"embeddable":true,"href":"https:\/\/www.adesso-bc.com\/hu\/wp-json\/wp\/v2\/users\/1"}],"replies":[{"embeddable":true,"href":"https:\/\/www.adesso-bc.com\/hu\/wp-json\/wp\/v2\/comments?post=247414"}],"version-history":[{"count":5,"href":"https:\/\/www.adesso-bc.com\/hu\/wp-json\/wp\/v2\/pages\/247414\/revisions"}],"predecessor-version":[{"id":248544,"href":"https:\/\/www.adesso-bc.com\/hu\/wp-json\/wp\/v2\/pages\/247414\/revisions\/248544"}],"wp:attachment":[{"href":"https:\/\/www.adesso-bc.com\/hu\/wp-json\/wp\/v2\/media?parent=247414"}],"curies":[{"name":"wp","href":"https:\/\/api.w.org\/{rel}","templated":true}]}}